{"id":5327,"date":"2026-04-02T16:07:39","date_gmt":"2026-04-02T14:07:39","guid":{"rendered":"https:\/\/www.maregroup.it\/pas\/?page_id=5327"},"modified":"2026-04-03T17:19:17","modified_gmt":"2026-04-03T15:19:17","slug":"partner","status":"publish","type":"page","link":"https:\/\/www.maregroup.it\/pas\/partner\/","title":{"rendered":"Partner"},"content":{"rendered":"\t\t<div data-elementor-type=\"wp-page\" data-elementor-id=\"5327\" class=\"elementor elementor-5327\">\n\t\t\t\t<div class=\"elementor-element elementor-element-7820f45 e-con-full e-flex e-con e-parent\" data-id=\"7820f45\" data-element_type=\"container\" data-e-type=\"container\" data-settings=\"{&quot;background_background&quot;:&quot;classic&quot;}\">\n\t\t<div class=\"elementor-element elementor-element-3ea2ca0 e-flex e-con-boxed e-con e-child\" data-id=\"3ea2ca0\" data-element_type=\"container\" data-e-type=\"container\">\n\t\t\t\t\t<div class=\"e-con-inner\">\n\t\t\t\t<div class=\"elementor-element elementor-element-5059f82 elementor-widget elementor-widget-heading\" data-id=\"5059f82\" data-element_type=\"widget\" data-e-type=\"widget\" data-widget_type=\"heading.default\">\n\t\t\t\t\t<h2 class=\"elementor-heading-title elementor-size-default\">Partner<\/h2>\t\t\t\t<\/div>\n\t\t\t\t\t<\/div>\n\t\t\t\t<\/div>\n\t\t\t\t<\/div>\n\t\t<div class=\"elementor-element elementor-element-45a2d6f e-flex e-con-boxed e-con e-parent\" data-id=\"45a2d6f\" data-element_type=\"container\" data-e-type=\"container\">\n\t\t\t\t\t<div class=\"e-con-inner\">\n\t\t<div class=\"elementor-element elementor-element-549bf1c e-con-full e-flex e-con e-child\" data-id=\"549bf1c\" data-element_type=\"container\" data-e-type=\"container\">\n\t\t\t\t<div class=\"elementor-element elementor-element-e4aa06d elementor-widget elementor-widget-image\" data-id=\"e4aa06d\" data-element_type=\"widget\" data-e-type=\"widget\" data-widget_type=\"image.default\">\n\t\t\t\t\t\t\t\t\t\t\t\t\t\t\t<img decoding=\"async\" width=\"1\" height=\"1\" src=\"https:\/\/www.maregroup.it\/pas\/wp-content\/uploads\/2026\/03\/Logo-Mare-Group-principale.svg\" class=\"attachment-large size-large wp-image-36\" alt=\"\" \/>\t\t\t\t\t\t\t\t\t\t\t\t\t\t\t<\/div>\n\t\t\t\t<\/div>\n\t\t<div class=\"elementor-element elementor-element-35bbee2 e-con-full e-flex e-con e-child\" data-id=\"35bbee2\" data-element_type=\"container\" data-e-type=\"container\">\n\t\t\t\t<div class=\"elementor-element elementor-element-539ea04 elementor-widget elementor-widget-heading\" data-id=\"539ea04\" data-element_type=\"widget\" data-e-type=\"widget\" data-widget_type=\"heading.default\">\n\t\t\t\t\t<h2 class=\"elementor-heading-title elementor-size-default\">Mare Engineering Group <\/h2>\t\t\t\t<\/div>\n\t\t\t\t<\/div>\n\t\t\t\t\t<\/div>\n\t\t\t\t<\/div>\n\t\t<div class=\"elementor-element elementor-element-90197d7 e-flex e-con-boxed e-con e-parent\" data-id=\"90197d7\" data-element_type=\"container\" data-e-type=\"container\">\n\t\t\t\t\t<div class=\"e-con-inner\">\n\t\t<div class=\"elementor-element elementor-element-af8b2fe e-con-full e-flex e-con e-child\" data-id=\"af8b2fe\" data-element_type=\"container\" data-e-type=\"container\">\n\t\t\t\t<div class=\"elementor-element elementor-element-ecb1710 elementor-widget elementor-widget-text-editor\" data-id=\"ecb1710\" data-element_type=\"widget\" data-e-type=\"widget\" data-widget_type=\"text-editor.default\">\n\t\t\t\t\t\t\t\t\t<p>Partecipa al progetto PAS in qualit\u00e0 di coordinatore di progetto, contribuendo allo sviluppo di soluzioni tecnologiche innovative per la fruizione del patrimonio culturale sommerso. Nell\u2019ambito del progetto, opera sulle tecnologie immersive e sulle interfacce digitali, con l\u2019obiettivo di rendere accessibili i contenuti derivanti dalle attivit\u00e0 di rilievo, analisi e modellazione dei siti archeologici.<\/p>\t\t\t\t\t\t\t\t<\/div>\n\t\t\t\t<div class=\"elementor-element elementor-element-aaf7b6b elementor-widget elementor-widget-heading\" data-id=\"aaf7b6b\" data-element_type=\"widget\" data-e-type=\"widget\" data-widget_type=\"heading.default\">\n\t\t\t\t\t<h2 class=\"elementor-heading-title elementor-size-default\">Ruolo nel progetto<\/h2>\t\t\t\t<\/div>\n\t\t\t\t<div class=\"elementor-element elementor-element-6a440f3 elementor-widget elementor-widget-text-editor\" data-id=\"6a440f3\" data-element_type=\"widget\" data-e-type=\"widget\" data-widget_type=\"text-editor.default\">\n\t\t\t\t\t\t\t\t\t<p>\u00c8 responsabile dello sviluppo delle applicazioni basate su tecnologie di Extended Reality (XR) e delle interfacce di fruizione, finalizzate alla visualizzazione e interazione con i contenuti digitali del patrimonio sommerso. Contribuisce inoltre all\u2019integrazione delle componenti software con le piattaforme dati del progetto.<\/p>\t\t\t\t\t\t\t\t<\/div>\n\t\t\t\t<div class=\"elementor-element elementor-element-c77d490 elementor-widget elementor-widget-button\" data-id=\"c77d490\" data-element_type=\"widget\" data-e-type=\"widget\" data-widget_type=\"button.default\">\n\t\t\t\t\t\t\t\t\t\t<a class=\"elementor-button elementor-button-link elementor-size-sm\" href=\"https:\/\/www.maregroup.it\/\" target=\"_blank\">\n\t\t\t\t\t\t<span class=\"elementor-button-content-wrapper\">\n\t\t\t\t\t\t\t\t\t<span class=\"elementor-button-text\">Scopri di pi\u00f9<\/span>\n\t\t\t\t\t<\/span>\n\t\t\t\t\t<\/a>\n\t\t\t\t\t\t\t\t<\/div>\n\t\t\t\t<\/div>\n\t\t\t\t\t<\/div>\n\t\t\t\t<\/div>\n\t\t<div class=\"elementor-element elementor-element-a897fcc e-flex e-con-boxed e-con e-parent\" data-id=\"a897fcc\" data-element_type=\"container\" data-e-type=\"container\">\n\t\t\t\t\t<div class=\"e-con-inner\">\n\t\t\t\t<div class=\"elementor-element elementor-element-1a91cd3 elementor-widget-divider--view-line elementor-widget elementor-widget-divider\" data-id=\"1a91cd3\" data-element_type=\"widget\" data-e-type=\"widget\" data-widget_type=\"divider.default\">\n\t\t\t\t\t\t\t<div class=\"elementor-divider\">\n\t\t\t<span class=\"elementor-divider-separator\">\n\t\t\t\t\t\t<\/span>\n\t\t<\/div>\n\t\t\t\t\t\t<\/div>\n\t\t\t\t\t<\/div>\n\t\t\t\t<\/div>\n\t\t<div class=\"elementor-element elementor-element-2a8a225 e-flex e-con-boxed e-con e-parent\" data-id=\"2a8a225\" data-element_type=\"container\" data-e-type=\"container\">\n\t\t\t\t\t<div class=\"e-con-inner\">\n\t\t<div class=\"elementor-element elementor-element-0c14a94 e-con-full e-flex e-con e-child\" data-id=\"0c14a94\" data-element_type=\"container\" data-e-type=\"container\">\n\t\t\t\t<div class=\"elementor-element elementor-element-ed7e7c1 elementor-widget elementor-widget-image\" data-id=\"ed7e7c1\" data-element_type=\"widget\" data-e-type=\"widget\" data-widget_type=\"image.default\">\n\t\t\t\t\t\t\t\t\t\t\t\t\t\t\t<img fetchpriority=\"high\" decoding=\"async\" width=\"700\" height=\"290\" src=\"https:\/\/www.maregroup.it\/pas\/wp-content\/uploads\/2021\/01\/uni-salerno-copia.webp\" class=\"attachment-large size-large wp-image-5155\" alt=\"\" srcset=\"https:\/\/www.maregroup.it\/pas\/wp-content\/uploads\/2021\/01\/uni-salerno-copia.webp 700w, https:\/\/www.maregroup.it\/pas\/wp-content\/uploads\/2021\/01\/uni-salerno-copia-300x124.webp 300w\" sizes=\"(max-width: 700px) 100vw, 700px\" \/>\t\t\t\t\t\t\t\t\t\t\t\t\t\t\t<\/div>\n\t\t\t\t<\/div>\n\t\t<div class=\"elementor-element elementor-element-43ad152 e-con-full e-flex e-con e-child\" data-id=\"43ad152\" data-element_type=\"container\" data-e-type=\"container\">\n\t\t\t\t<div class=\"elementor-element elementor-element-78f1388 elementor-widget elementor-widget-heading\" data-id=\"78f1388\" data-element_type=\"widget\" data-e-type=\"widget\" data-widget_type=\"heading.default\">\n\t\t\t\t\t<h2 class=\"elementor-heading-title elementor-size-default\">Universit\u00e0 degli Studi di Salerno <\/h2>\t\t\t\t<\/div>\n\t\t\t\t<\/div>\n\t\t\t\t\t<\/div>\n\t\t\t\t<\/div>\n\t\t<div class=\"elementor-element elementor-element-e28b5cf e-flex e-con-boxed e-con e-parent\" data-id=\"e28b5cf\" data-element_type=\"container\" data-e-type=\"container\">\n\t\t\t\t\t<div class=\"e-con-inner\">\n\t\t<div class=\"elementor-element elementor-element-f605691 e-con-full e-flex e-con e-child\" data-id=\"f605691\" data-element_type=\"container\" data-e-type=\"container\">\n\t\t\t\t<div class=\"elementor-element elementor-element-d03e746 elementor-widget elementor-widget-text-editor\" data-id=\"d03e746\" data-element_type=\"widget\" data-e-type=\"widget\" data-widget_type=\"text-editor.default\">\n\t\t\t\t\t\t\t\t\t<p>Contribuisce al progetto attraverso attivit\u00e0 di ricerca finalizzate alla strutturazione, gestione e valorizzazione dei dati culturali, con particolare riferimento alla definizione di modelli semantici e architetture per l\u2019interoperabilit\u00e0 delle informazioni.<\/p>\t\t\t\t\t\t\t\t<\/div>\n\t\t\t\t<div class=\"elementor-element elementor-element-8044113 elementor-widget elementor-widget-heading\" data-id=\"8044113\" data-element_type=\"widget\" data-e-type=\"widget\" data-widget_type=\"heading.default\">\n\t\t\t\t\t<h2 class=\"elementor-heading-title elementor-size-default\">Ruolo nel progetto<\/h2>\t\t\t\t<\/div>\n\t\t\t\t<div class=\"elementor-element elementor-element-f6da0f7 elementor-widget elementor-widget-text-editor\" data-id=\"f6da0f7\" data-element_type=\"widget\" data-e-type=\"widget\" data-widget_type=\"text-editor.default\">\n\t\t\t\t\t\t\t\t\t<p>\u00c8 coinvolta nello sviluppo dell\u2019infrastruttura informativa del progetto, contribuendo alla definizione delle ontologie, alla modellazione dei dati e alla realizzazione della piattaforma per la gestione e l\u2019interoperabilit\u00e0 delle informazioni. Supporta inoltre l\u2019organizzazione e l\u2019integrazione dei dati provenienti dalle diverse attivit\u00e0 progettuali.<\/p>\t\t\t\t\t\t\t\t<\/div>\n\t\t\t\t<div class=\"elementor-element elementor-element-ea61d29 elementor-widget elementor-widget-button\" data-id=\"ea61d29\" data-element_type=\"widget\" data-e-type=\"widget\" data-widget_type=\"button.default\">\n\t\t\t\t\t\t\t\t\t\t<a class=\"elementor-button elementor-button-link elementor-size-sm\" href=\"https:\/\/www.unisa.it\/\" target=\"_blank\">\n\t\t\t\t\t\t<span class=\"elementor-button-content-wrapper\">\n\t\t\t\t\t\t\t\t\t<span class=\"elementor-button-text\">Scopri di pi\u00f9<\/span>\n\t\t\t\t\t<\/span>\n\t\t\t\t\t<\/a>\n\t\t\t\t\t\t\t\t<\/div>\n\t\t\t\t<\/div>\n\t\t\t\t\t<\/div>\n\t\t\t\t<\/div>\n\t\t<div class=\"elementor-element elementor-element-7810fe7 e-flex e-con-boxed e-con e-parent\" data-id=\"7810fe7\" data-element_type=\"container\" data-e-type=\"container\">\n\t\t\t\t\t<div class=\"e-con-inner\">\n\t\t\t\t<div class=\"elementor-element elementor-element-900907a elementor-widget-divider--view-line elementor-widget elementor-widget-divider\" data-id=\"900907a\" data-element_type=\"widget\" data-e-type=\"widget\" data-widget_type=\"divider.default\">\n\t\t\t\t\t\t\t<div class=\"elementor-divider\">\n\t\t\t<span class=\"elementor-divider-separator\">\n\t\t\t\t\t\t<\/span>\n\t\t<\/div>\n\t\t\t\t\t\t<\/div>\n\t\t\t\t\t<\/div>\n\t\t\t\t<\/div>\n\t\t<div class=\"elementor-element elementor-element-23fd659 e-flex e-con-boxed e-con e-parent\" data-id=\"23fd659\" data-element_type=\"container\" data-e-type=\"container\">\n\t\t\t\t\t<div class=\"e-con-inner\">\n\t\t<div class=\"elementor-element elementor-element-2710bf0 e-con-full e-flex e-con e-child\" data-id=\"2710bf0\" data-element_type=\"container\" data-e-type=\"container\">\n\t\t\t\t<div class=\"elementor-element elementor-element-a8f5595 elementor-widget elementor-widget-image\" data-id=\"a8f5595\" data-element_type=\"widget\" data-e-type=\"widget\" data-widget_type=\"image.default\">\n\t\t\t\t\t\t\t\t\t\t\t\t\t\t\t<img decoding=\"async\" width=\"1\" height=\"1\" src=\"https:\/\/www.maregroup.it\/pas\/wp-content\/uploads\/2021\/01\/Logo-UNi-Parthenope.svg\" class=\"attachment-large size-large wp-image-5150\" alt=\"\" \/>\t\t\t\t\t\t\t\t\t\t\t\t\t\t\t<\/div>\n\t\t\t\t<\/div>\n\t\t<div class=\"elementor-element elementor-element-d9e7717 e-con-full e-flex e-con e-child\" data-id=\"d9e7717\" data-element_type=\"container\" data-e-type=\"container\">\n\t\t\t\t<div class=\"elementor-element elementor-element-f86dd58 elementor-widget elementor-widget-heading\" data-id=\"f86dd58\" data-element_type=\"widget\" data-e-type=\"widget\" data-widget_type=\"heading.default\">\n\t\t\t\t\t<h2 class=\"elementor-heading-title elementor-size-default\">Universit\u00e0 degli Studi di Napoli Parthenope <\/h2>\t\t\t\t<\/div>\n\t\t\t\t<\/div>\n\t\t\t\t\t<\/div>\n\t\t\t\t<\/div>\n\t\t<div class=\"elementor-element elementor-element-2ec54d8 e-flex e-con-boxed e-con e-parent\" data-id=\"2ec54d8\" data-element_type=\"container\" data-e-type=\"container\">\n\t\t\t\t\t<div class=\"e-con-inner\">\n\t\t<div class=\"elementor-element elementor-element-03ef392 e-con-full e-flex e-con e-child\" data-id=\"03ef392\" data-element_type=\"container\" data-e-type=\"container\">\n\t\t\t\t<div class=\"elementor-element elementor-element-e7011bd elementor-widget elementor-widget-text-editor\" data-id=\"e7011bd\" data-element_type=\"widget\" data-e-type=\"widget\" data-widget_type=\"text-editor.default\">\n\t\t\t\t\t\t\t\t\t<p>Partecipa al progetto con competenze specifiche nelle tecnologie per il rilievo, il monitoraggio e l\u2019analisi dei contesti marini e subacquei, applicate ai siti archeologici sommersi.<\/p>\t\t\t\t\t\t\t\t<\/div>\n\t\t\t\t<div class=\"elementor-element elementor-element-717494e elementor-widget elementor-widget-heading\" data-id=\"717494e\" data-element_type=\"widget\" data-e-type=\"widget\" data-widget_type=\"heading.default\">\n\t\t\t\t\t<h2 class=\"elementor-heading-title elementor-size-default\">Ruolo nel progetto<\/h2>\t\t\t\t<\/div>\n\t\t\t\t<div class=\"elementor-element elementor-element-ff2196c elementor-widget elementor-widget-text-editor\" data-id=\"ff2196c\" data-element_type=\"widget\" data-e-type=\"widget\" data-widget_type=\"text-editor.default\">\n\t\t\t\t\t\t\t\t\t<p>\u00c8 responsabile delle attivit\u00e0 di acquisizione, elaborazione e analisi dei dati relativi ai siti sommersi, contribuendo allo sviluppo di metodologie e strumenti per il rilievo e il monitoraggio. Le attivit\u00e0 supportano la costruzione della base dati del progetto e le azioni di tutela e salvaguardia del patrimonio.<\/p>\t\t\t\t\t\t\t\t<\/div>\n\t\t\t\t<div class=\"elementor-element elementor-element-9d38116 elementor-widget elementor-widget-button\" data-id=\"9d38116\" data-element_type=\"widget\" data-e-type=\"widget\" data-widget_type=\"button.default\">\n\t\t\t\t\t\t\t\t\t\t<a class=\"elementor-button elementor-button-link elementor-size-sm\" href=\"https:\/\/www.uniparthenope.it\/\" target=\"_blank\">\n\t\t\t\t\t\t<span class=\"elementor-button-content-wrapper\">\n\t\t\t\t\t\t\t\t\t<span class=\"elementor-button-text\">Scopri di pi\u00f9<\/span>\n\t\t\t\t\t<\/span>\n\t\t\t\t\t<\/a>\n\t\t\t\t\t\t\t\t<\/div>\n\t\t\t\t<\/div>\n\t\t\t\t\t<\/div>\n\t\t\t\t<\/div>\n\t\t<div class=\"elementor-element elementor-element-637edd1 e-flex e-con-boxed e-con e-parent\" data-id=\"637edd1\" data-element_type=\"container\" data-e-type=\"container\">\n\t\t\t\t\t<div class=\"e-con-inner\">\n\t\t\t\t<div class=\"elementor-element elementor-element-937dee8 elementor-widget-divider--view-line elementor-widget elementor-widget-divider\" data-id=\"937dee8\" data-element_type=\"widget\" data-e-type=\"widget\" data-widget_type=\"divider.default\">\n\t\t\t\t\t\t\t<div class=\"elementor-divider\">\n\t\t\t<span class=\"elementor-divider-separator\">\n\t\t\t\t\t\t<\/span>\n\t\t<\/div>\n\t\t\t\t\t\t<\/div>\n\t\t\t\t\t<\/div>\n\t\t\t\t<\/div>\n\t\t<div class=\"elementor-element elementor-element-e8c2fad e-flex e-con-boxed e-con e-parent\" data-id=\"e8c2fad\" data-element_type=\"container\" data-e-type=\"container\">\n\t\t\t\t\t<div class=\"e-con-inner\">\n\t\t<div class=\"elementor-element elementor-element-6270583 e-con-full e-flex e-con e-child\" data-id=\"6270583\" data-element_type=\"container\" data-e-type=\"container\">\n\t\t\t\t<div class=\"elementor-element elementor-element-4defabd elementor-widget elementor-widget-image\" data-id=\"4defabd\" data-element_type=\"widget\" data-e-type=\"widget\" data-widget_type=\"image.default\">\n\t\t\t\t\t\t\t\t\t\t\t\t\t\t\t<img loading=\"lazy\" decoding=\"async\" width=\"1024\" height=\"384\" src=\"https:\/\/www.maregroup.it\/pas\/wp-content\/uploads\/2021\/01\/servlet-1024x384.png\" class=\"attachment-large size-large wp-image-5154\" alt=\"\" srcset=\"https:\/\/www.maregroup.it\/pas\/wp-content\/uploads\/2021\/01\/servlet-1024x384.png 1024w, https:\/\/www.maregroup.it\/pas\/wp-content\/uploads\/2021\/01\/servlet-300x113.png 300w, https:\/\/www.maregroup.it\/pas\/wp-content\/uploads\/2021\/01\/servlet-768x288.png 768w, https:\/\/www.maregroup.it\/pas\/wp-content\/uploads\/2021\/01\/servlet-1536x576.png 1536w, https:\/\/www.maregroup.it\/pas\/wp-content\/uploads\/2021\/01\/servlet-2048x768.png 2048w, https:\/\/www.maregroup.it\/pas\/wp-content\/uploads\/2021\/01\/servlet-720x270.png 720w\" sizes=\"(max-width: 1024px) 100vw, 1024px\" \/>\t\t\t\t\t\t\t\t\t\t\t\t\t\t\t<\/div>\n\t\t\t\t<\/div>\n\t\t<div class=\"elementor-element elementor-element-8d51324 e-con-full e-flex e-con e-child\" data-id=\"8d51324\" data-element_type=\"container\" data-e-type=\"container\">\n\t\t\t\t<div class=\"elementor-element elementor-element-d474c12 elementor-widget elementor-widget-heading\" data-id=\"d474c12\" data-element_type=\"widget\" data-e-type=\"widget\" data-widget_type=\"heading.default\">\n\t\t\t\t\t<h2 class=\"elementor-heading-title elementor-size-default\">EVA Group <\/h2>\t\t\t\t<\/div>\n\t\t\t\t<\/div>\n\t\t\t\t\t<\/div>\n\t\t\t\t<\/div>\n\t\t<div class=\"elementor-element elementor-element-f2b64bf e-flex e-con-boxed e-con e-parent\" data-id=\"f2b64bf\" data-element_type=\"container\" data-e-type=\"container\">\n\t\t\t\t\t<div class=\"e-con-inner\">\n\t\t<div class=\"elementor-element elementor-element-26b59ad e-con-full e-flex e-con e-child\" data-id=\"26b59ad\" data-element_type=\"container\" data-e-type=\"container\">\n\t\t\t\t<div class=\"elementor-element elementor-element-7c592c9 elementor-widget elementor-widget-text-editor\" data-id=\"7c592c9\" data-element_type=\"widget\" data-e-type=\"widget\" data-widget_type=\"text-editor.default\">\n\t\t\t\t\t\t\t\t\t<p>Partecipa al progetto PAS contribuendo allo sviluppo del sistema CARS (Cultural Assets Recommendation System), basato su tecniche di analisi dei dati e su algoritmi di raccomandazione.<\/p>\t\t\t\t\t\t\t\t<\/div>\n\t\t\t\t<div class=\"elementor-element elementor-element-7ec1139 elementor-widget elementor-widget-heading\" data-id=\"7ec1139\" data-element_type=\"widget\" data-e-type=\"widget\" data-widget_type=\"heading.default\">\n\t\t\t\t\t<h2 class=\"elementor-heading-title elementor-size-default\">Ruolo nel progetto<\/h2>\t\t\t\t<\/div>\n\t\t\t\t<div class=\"elementor-element elementor-element-63f4954 elementor-widget elementor-widget-text-editor\" data-id=\"63f4954\" data-element_type=\"widget\" data-e-type=\"widget\" data-widget_type=\"text-editor.default\">\n\t\t\t\t\t\t\t\t\t<p>\u00c8 coinvolta nello sviluppo del sistema CARS (Cultural Assets Recommendation System), contribuendo alla realizzazione di funzionalit\u00e0 per l\u2019analisi e la raccomandazione dei contenuti. Le attivit\u00e0 sono finalizzate a migliorare l\u2019accesso e la fruizione personalizzata delle informazioni relative al patrimonio culturale sommerso.<\/p>\t\t\t\t\t\t\t\t<\/div>\n\t\t\t\t<div class=\"elementor-element elementor-element-a74fc67 elementor-widget elementor-widget-button\" data-id=\"a74fc67\" data-element_type=\"widget\" data-e-type=\"widget\" data-widget_type=\"button.default\">\n\t\t\t\t\t\t\t\t\t\t<a class=\"elementor-button elementor-button-link elementor-size-sm\" href=\"https:\/\/www.admaiora.com\/\" target=\"_blank\">\n\t\t\t\t\t\t<span class=\"elementor-button-content-wrapper\">\n\t\t\t\t\t\t\t\t\t<span class=\"elementor-button-text\">Scopri di pi\u00f9<\/span>\n\t\t\t\t\t<\/span>\n\t\t\t\t\t<\/a>\n\t\t\t\t\t\t\t\t<\/div>\n\t\t\t\t<\/div>\n\t\t\t\t\t<\/div>\n\t\t\t\t<\/div>\n\t\t<div class=\"elementor-element elementor-element-c7154a5 e-flex e-con-boxed e-con e-parent\" data-id=\"c7154a5\" data-element_type=\"container\" data-e-type=\"container\">\n\t\t\t\t\t<div class=\"e-con-inner\">\n\t\t\t\t<div class=\"elementor-element elementor-element-4fe3d4d elementor-widget-divider--view-line elementor-widget elementor-widget-divider\" data-id=\"4fe3d4d\" data-element_type=\"widget\" data-e-type=\"widget\" data-widget_type=\"divider.default\">\n\t\t\t\t\t\t\t<div class=\"elementor-divider\">\n\t\t\t<span class=\"elementor-divider-separator\">\n\t\t\t\t\t\t<\/span>\n\t\t<\/div>\n\t\t\t\t\t\t<\/div>\n\t\t\t\t\t<\/div>\n\t\t\t\t<\/div>\n\t\t<div class=\"elementor-element elementor-element-0acc60e e-flex e-con-boxed e-con e-parent\" data-id=\"0acc60e\" data-element_type=\"container\" data-e-type=\"container\">\n\t\t\t\t\t<div class=\"e-con-inner\">\n\t\t<div class=\"elementor-element elementor-element-914c835 e-con-full e-flex e-con e-child\" data-id=\"914c835\" data-element_type=\"container\" data-e-type=\"container\">\n\t\t\t\t<div class=\"elementor-element elementor-element-98374c1 elementor-widget elementor-widget-image\" data-id=\"98374c1\" data-element_type=\"widget\" data-e-type=\"widget\" data-widget_type=\"image.default\">\n\t\t\t\t\t\t\t\t\t\t\t\t\t\t\t<img loading=\"lazy\" decoding=\"async\" width=\"262\" height=\"95\" src=\"https:\/\/www.maregroup.it\/pas\/wp-content\/uploads\/2021\/01\/dliverti.png\" class=\"attachment-large size-large wp-image-5152\" alt=\"\" \/>\t\t\t\t\t\t\t\t\t\t\t\t\t\t\t<\/div>\n\t\t\t\t<\/div>\n\t\t<div class=\"elementor-element elementor-element-8b3d4cf e-con-full e-flex e-con e-child\" data-id=\"8b3d4cf\" data-element_type=\"container\" data-e-type=\"container\">\n\t\t\t\t<div class=\"elementor-element elementor-element-32af337 elementor-widget elementor-widget-heading\" data-id=\"32af337\" data-element_type=\"widget\" data-e-type=\"widget\" data-widget_type=\"heading.default\">\n\t\t\t\t\t<h2 class=\"elementor-heading-title elementor-size-default\">Deliverti<\/h2>\t\t\t\t<\/div>\n\t\t\t\t<\/div>\n\t\t\t\t\t<\/div>\n\t\t\t\t<\/div>\n\t\t<div class=\"elementor-element elementor-element-76578e4 e-flex e-con-boxed e-con e-parent\" data-id=\"76578e4\" data-element_type=\"container\" data-e-type=\"container\">\n\t\t\t\t\t<div class=\"e-con-inner\">\n\t\t<div class=\"elementor-element elementor-element-d3e96d9 e-con-full e-flex e-con e-child\" data-id=\"d3e96d9\" data-element_type=\"container\" data-e-type=\"container\">\n\t\t\t\t<div class=\"elementor-element elementor-element-d62470e elementor-widget elementor-widget-text-editor\" data-id=\"d62470e\" data-element_type=\"widget\" data-e-type=\"widget\" data-widget_type=\"text-editor.default\">\n\t\t\t\t\t\t\t\t\t<p>Contribuisce al progetto allo sviluppo di sistemi di digital storytelling basati su contenuti strutturati e integrati con le piattaforme digitali del progetto.<\/p>\t\t\t\t\t\t\t\t<\/div>\n\t\t\t\t<div class=\"elementor-element elementor-element-560cdab elementor-widget elementor-widget-heading\" data-id=\"560cdab\" data-element_type=\"widget\" data-e-type=\"widget\" data-widget_type=\"heading.default\">\n\t\t\t\t\t<h2 class=\"elementor-heading-title elementor-size-default\">Ruolo nel progetto<\/h2>\t\t\t\t<\/div>\n\t\t\t\t<div class=\"elementor-element elementor-element-730b83f elementor-widget elementor-widget-text-editor\" data-id=\"730b83f\" data-element_type=\"widget\" data-e-type=\"widget\" data-widget_type=\"text-editor.default\">\n\t\t\t\t\t\t\t\t\t<p>\u00c8 responsabile dello sviluppo delle componenti di digital storytelling, contribuendo alla definizione delle modalit\u00e0 di rappresentazione e comunicazione dei contenuti culturali. Le attivit\u00e0 sono orientate a migliorare l\u2019accessibilit\u00e0 e il coinvolgimento degli utenti, attraverso strumenti digitali integrati con le piattaforme del progetto.<\/p>\t\t\t\t\t\t\t\t<\/div>\n\t\t\t\t<div class=\"elementor-element elementor-element-3a31f5b elementor-widget elementor-widget-button\" data-id=\"3a31f5b\" data-element_type=\"widget\" data-e-type=\"widget\" data-widget_type=\"button.default\">\n\t\t\t\t\t\t\t\t\t\t<a class=\"elementor-button elementor-button-link elementor-size-sm\" href=\"https:\/\/deliverti.it\/\" target=\"_blank\">\n\t\t\t\t\t\t<span class=\"elementor-button-content-wrapper\">\n\t\t\t\t\t\t\t\t\t<span class=\"elementor-button-text\">Scopri di pi\u00f9<\/span>\n\t\t\t\t\t<\/span>\n\t\t\t\t\t<\/a>\n\t\t\t\t\t\t\t\t<\/div>\n\t\t\t\t<\/div>\n\t\t\t\t\t<\/div>\n\t\t\t\t<\/div>\n\t\t\t\t<\/div>\n\t\t","protected":false},"excerpt":{"rendered":"<p>Partner Mare Engineering Group Partecipa al progetto PAS in qualit\u00e0 di coordinatore di progetto, contribuendo allo sviluppo di soluzioni tecnologiche innovative per la fruizione del patrimonio culturale sommerso. Nell\u2019ambito del progetto, opera sulle tecnologie immersive e sulle interfacce digitali, con l\u2019obiettivo di rendere accessibili i contenuti derivanti dalle attivit\u00e0 di rilievo, analisi e modellazione dei [&hellip;]<\/p>\n","protected":false},"author":1,"featured_media":0,"parent":0,"menu_order":0,"comment_status":"closed","ping_status":"closed","template":"","meta":{"footnotes":""},"class_list":["post-5327","page","type-page","status-publish","hentry"],"_links":{"self":[{"href":"https:\/\/www.maregroup.it\/pas\/wp-json\/wp\/v2\/pages\/5327","targetHints":{"allow":["GET"]}}],"collection":[{"href":"https:\/\/www.maregroup.it\/pas\/wp-json\/wp\/v2\/pages"}],"about":[{"href":"https:\/\/www.maregroup.it\/pas\/wp-json\/wp\/v2\/types\/page"}],"author":[{"embeddable":true,"href":"https:\/\/www.maregroup.it\/pas\/wp-json\/wp\/v2\/users\/1"}],"replies":[{"embeddable":true,"href":"https:\/\/www.maregroup.it\/pas\/wp-json\/wp\/v2\/comments?post=5327"}],"version-history":[{"count":16,"href":"https:\/\/www.maregroup.it\/pas\/wp-json\/wp\/v2\/pages\/5327\/revisions"}],"predecessor-version":[{"id":5493,"href":"https:\/\/www.maregroup.it\/pas\/wp-json\/wp\/v2\/pages\/5327\/revisions\/5493"}],"wp:attachment":[{"href":"https:\/\/www.maregroup.it\/pas\/wp-json\/wp\/v2\/media?parent=5327"}],"curies":[{"name":"wp","href":"https:\/\/api.w.org\/{rel}","templated":true}]}}